{"id":384,"date":"2022-09-07T13:47:58","date_gmt":"2022-09-07T13:47:58","guid":{"rendered":"https:\/\/www.hybrix.ca\/?page_id=384"},"modified":"2022-09-10T01:31:14","modified_gmt":"2022-09-10T01:31:14","slug":"dessin-conception-produits","status":"publish","type":"page","link":"https:\/\/www.hybrix.ca\/en\/dessin-conception-produits\/","title":{"rendered":"Dessins"},"content":{"rendered":"<p>[et_pb_section fb_built= &raquo;1&Prime; custom_padding_last_edited= &raquo;on|phone &raquo; next_background_color= &raquo;#ffffff &raquo; admin_label= &raquo;Hero Section &raquo; _builder_version= &raquo;4.9.4&Prime; background_color_gradient_direction= &raquo;131deg &raquo; background_image= &raquo;https:\/\/www.hybrix.ca\/wp-content\/uploads\/2021\/05\/accueil-Hybrix.jpg &raquo; custom_padding= &raquo;100px|0px|160px|0px|false|false &raquo; custom_padding_tablet= &raquo;90px||||false|false &raquo; custom_padding_phone= &raquo;30px||||false|false &raquo; bottom_divider_style= &raquo;asymmetric3&Prime; bottom_divider_height= &raquo;290px &raquo; bottom_divider_repeat= &raquo;0x &raquo; bottom_divider_height_tablet= &raquo;100px &raquo; bottom_divider_height_phone= &raquo;40px &raquo; bottom_divider_height_last_edited= &raquo;on|phone &raquo; animation_style= &raquo;slide &raquo; animation_direction= &raquo;top &raquo; animation_intensity_slide= &raquo;2% &raquo; animation_starting_opacity= &raquo;100% &raquo;][et_pb_row column_structure= &raquo;3_4,1_4&Prime; custom_padding_last_edited= &raquo;on|phone &raquo; _builder_version= &raquo;4.9.4&Prime; width= &raquo;100% &raquo; max_width= &raquo;1280px &raquo; custom_padding= &raquo;36px|40px|150px|40px|false|false &raquo; custom_padding_tablet= &raquo;||100px||false|false &raquo; custom_padding_phone= &raquo;|20px|60px|20px|false|true &raquo; use_custom_width= &raquo;on &raquo; custom_width_px= &raquo;1440px &raquo;][et_pb_column type= &raquo;3_4&Prime; _builder_version= &raquo;3.25&Prime; custom_padding= &raquo;40px||| &raquo; custom_padding__hover= &raquo;||| &raquo;][et_pb_text _builder_version= &raquo;4.9.4&Prime; text_font= &raquo;Poppins|||||||| &raquo; text_text_color= &raquo;rgba(255,255,255,0.8) &raquo; text_font_size= &raquo;18px &raquo; text_line_height= &raquo;1.8em &raquo; header_font= &raquo;Raleway|900||on||||| &raquo; header_text_color= &raquo;#FFFFFF &raquo; header_font_size= &raquo;34px &raquo; header_letter_spacing= &raquo;0.3px &raquo; header_line_height= &raquo;1.4em &raquo; custom_margin= &raquo;||20px||| &raquo; custom_margin_tablet= &raquo; &raquo; custom_margin_phone= &raquo;||10px||false|false &raquo; custom_margin_last_edited= &raquo;on|phone &raquo; custom_padding= &raquo;||2px||| &raquo; animation_style= &raquo;slide &raquo; animation_direction= &raquo;left &raquo; animation_intensity_slide= &raquo;8% &raquo; animation_starting_opacity= &raquo;8% &raquo; header_font_size_tablet= &raquo;28px &raquo; header_font_size_phone= &raquo;22px &raquo; header_font_size_last_edited= &raquo;on|phone &raquo; header_letter_spacing_tablet= &raquo; &raquo; header_letter_spacing_phone= &raquo;0.2px &raquo; header_letter_spacing_last_edited= &raquo;on|phone &raquo; header_line_height_tablet= &raquo;1.4em &raquo; header_line_height_phone= &raquo;1.2em &raquo; header_line_height_last_edited= &raquo;on|phone &raquo; locked= &raquo;off &raquo;]<\/p>\n<h1>DRAFTING AND PRODUCT DESIGN<\/h1>\n<p>[\/et_pb_text][\/et_pb_column][et_pb_column type= &raquo;1_4&Prime; _builder_version= &raquo;3.25&Prime; custom_padding= &raquo;||| &raquo; custom_padding__hover= &raquo;||| &raquo;][\/et_pb_column][\/et_pb_row][\/et_pb_section][et_pb_section fb_built= &raquo;1&Prime; _builder_version= &raquo;4.9.4&Prime; _module_preset= &raquo;default &raquo; custom_padding= &raquo;2px||0px||| &raquo; locked= &raquo;off &raquo;][et_pb_row admin_label= &raquo;Row &raquo; _builder_version= &raquo;4.9.4&Prime; _module_preset= &raquo;default &raquo; custom_padding= &raquo;||5px||| &raquo;][et_pb_column type= &raquo;4_4&Prime; _builder_version= &raquo;4.9.4&Prime; _module_preset= &raquo;default &raquo;][et_pb_image src= &raquo;https:\/\/www.hybrix.ca\/wp-content\/uploads\/2021\/06\/engrenage02-1.png &raquo; title_text= &raquo;engrenage02&Prime; align= &raquo;right &raquo; align_tablet= &raquo; &raquo; align_phone= &raquo;center &raquo; align_last_edited= &raquo;on|phone &raquo; _builder_version= &raquo;4.9.4&Prime; _module_preset= &raquo;default &raquo; width_tablet= &raquo;60% &raquo; width_phone= &raquo;85% &raquo; width_last_edited= &raquo;on|phone &raquo; custom_margin= &raquo;-472px||||| &raquo; custom_margin_tablet= &raquo;-425px||||false|false &raquo; custom_margin_phone= &raquo;-279px||||false|false &raquo; custom_margin_last_edited= &raquo;on|phone &raquo; custom_padding= &raquo;44px||||| &raquo; scroll_vertical_motion_enable= &raquo;on &raquo; scroll_vertical_motion= &raquo;0|50|50|100|1|0|-1&Prime; scroll_vertical_motion_tablet= &raquo; &raquo; scroll_vertical_motion_phone= &raquo;0|50|50|100|0.5|0|-0.5&Prime; scroll_vertical_motion_last_edited= &raquo;on|phone &raquo;][\/et_pb_image][\/et_pb_column][\/et_pb_row][\/et_pb_section][et_pb_section fb_built= &raquo;1&Prime; custom_padding_last_edited= &raquo;on|desktop &raquo; module_id= &raquo;expertise &raquo; _builder_version= &raquo;4.9.4&Prime; _module_preset= &raquo;default &raquo; custom_padding= &raquo;26px|20px|105px|20px|false|false &raquo; custom_padding_tablet= &raquo;||60px||false|false &raquo; custom_padding_phone= &raquo;|30px|20px|30px|false|true &raquo;][et_pb_row admin_label= &raquo;Row &raquo; _builder_version= &raquo;4.9.4&Prime; _module_preset= &raquo;default &raquo; width= &raquo;100% &raquo; max_width= &raquo;1200px &raquo; custom_padding= &raquo;0px||||| &raquo;][et_pb_column type= &raquo;4_4&Prime; _builder_version= &raquo;4.9.4&Prime; _module_preset= &raquo;default &raquo;][et_pb_text _builder_version= &raquo;4.9.4&Prime; _module_preset= &raquo;default &raquo; text_font= &raquo;Raleway|||||||| &raquo; text_text_color= &raquo;#000000&Prime; text_font_size= &raquo;17px &raquo; text_line_height= &raquo;2em &raquo; header_font= &raquo;Raleway|900||on||||| &raquo; header_text_color= &raquo;#e78705&Prime; header_font_size= &raquo;32px &raquo; header_letter_spacing= &raquo;1px &raquo; header_2_font= &raquo;Raleway|900||on||||| &raquo; header_2_text_color= &raquo;#e78705&Prime; header_2_font_size= &raquo;32px &raquo; header_2_letter_spacing= &raquo;1px &raquo; custom_padding= &raquo;||0px||| &raquo; animation_style= &raquo;slide &raquo; animation_direction= &raquo;left &raquo; animation_intensity_slide= &raquo;8% &raquo; animation_starting_opacity= &raquo;8% &raquo; text_font_size_tablet= &raquo; &raquo; text_font_size_phone= &raquo;15px &raquo; text_font_size_last_edited= &raquo;on|desktop &raquo; text_line_height_tablet= &raquo; &raquo; text_line_height_phone= &raquo;1.8em &raquo; text_line_height_last_edited= &raquo;on|phone &raquo; header_font_size_tablet= &raquo; &raquo; header_font_size_phone= &raquo;28px &raquo; header_font_size_last_edited= &raquo;on|phone &raquo;]<\/p>\n<p><span style=\"font-size: large;\">Nous vous offrons nos services afin de concr\u00e9tiser vos id\u00e9es \u00e0 partir de mod\u00e9lisation 3D ou de croquis. Nous sommes en mesure de vous assister dans les \u00e9tapes suivantes :<\/span><\/p>\n<p><span style=\"font-size: large;\">\u00a0<\/span><\/p>\n<ul>\n<li><span style=\"font-size: large;\">Drafting and needs analysis<\/span><\/li>\n<li><span style=\"font-size: large;\">First draft modelling<\/span><\/li>\n<li><span style=\"font-size: large;\">Brainstorming (on appearance, user-friendly design, and product assembly methods)<\/span><\/li>\n<li><span style=\"font-size: large;\">Production of a prototype to validate the conformity of the parts<\/span><\/li>\n<\/ul>\n<p>[\/et_pb_text][\/et_pb_column][\/et_pb_row][\/et_pb_section]<\/p>","protected":false},"excerpt":{"rendered":"<p>[et_pb_section fb_built= &raquo;1&Prime; custom_padding_last_edited= &raquo;on|phone &raquo; next_background_color= &raquo;#ffffff &raquo; admin_label= &raquo;Hero Section &raquo; _builder_version= &raquo;4.9.4&Prime; background_color_gradient_direction= &raquo;131deg &raquo; background_image= &raquo;https:\/\/www.hybrix.ca\/wp-content\/uploads\/2021\/05\/accueil-Hybrix.jpg &raquo; custom_padding= &raquo;100px|0px|160px|0px|false|false &raquo; custom_padding_tablet= &raquo;90px||||false|false &raquo; custom_padding_phone= &raquo;30px||||false|false &raquo; bottom_divider_style= &raquo;asymmetric3&Prime; bottom_divider_height= &raquo;290px &raquo; bottom_divider_repeat= &raquo;0x &raquo; bottom_divider_height_tablet= &raquo;100px &raquo; bottom_divider_height_phone= &raquo;40px &raquo; bottom_divider_height_last_edited= &raquo;on|phone &raquo; animation_style= &raquo;slide &raquo; animation_direction= &raquo;top &raquo; animation_intensity_slide= &raquo;2% [&hellip;]<\/p>","protected":false},"author":1,"featured_media":0,"parent":0,"menu_order":0,"comment_status":"closed","ping_status":"closed","template":"","meta":{"_et_pb_use_builder":"on","_et_pb_old_content":"","_et_gb_content_width":"","inline_featured_image":false,"footnotes":""},"yoast_head":"<!-- This site is optimized with the Yoast SEO plugin v21.2 - https:\/\/yoast.com\/wordpress\/plugins\/seo\/ -->\n<title>Dessins - Hybrix<\/title>\n<meta name=\"robots\" content=\"index, follow, max-snippet:-1, max-image-preview:large, max-video-preview:-1\" \/>\n<link rel=\"canonical\" href=\"https:\/\/www.hybrix.ca\/en\/dessin-conception-produits\/\" \/>\n<meta property=\"og:locale\" content=\"en_US\" \/>\n<meta property=\"og:type\" content=\"article\" \/>\n<meta property=\"og:title\" content=\"Dessins - Hybrix\" \/>\n<meta property=\"og:description\" content=\"[et_pb_section fb_built= &raquo;1&Prime; custom_padding_last_edited= &raquo;on|phone &raquo; next_background_color= &raquo;#ffffff &raquo; admin_label= &raquo;Hero Section &raquo; _builder_version= &raquo;4.9.4&Prime; background_color_gradient_direction= &raquo;131deg &raquo; background_image= &raquo;https:\/\/www.hybrix.ca\/wp-content\/uploads\/2021\/05\/accueil-Hybrix.jpg &raquo; custom_padding= &raquo;100px|0px|160px|0px|false|false &raquo; custom_padding_tablet= &raquo;90px||||false|false &raquo; custom_padding_phone= &raquo;30px||||false|false &raquo; bottom_divider_style= &raquo;asymmetric3&Prime; bottom_divider_height= &raquo;290px &raquo; bottom_divider_repeat= &raquo;0x &raquo; bottom_divider_height_tablet= &raquo;100px &raquo; bottom_divider_height_phone= &raquo;40px &raquo; bottom_divider_height_last_edited= &raquo;on|phone &raquo; animation_style= &raquo;slide &raquo; animation_direction= &raquo;top &raquo; animation_intensity_slide= &raquo;2% [&hellip;]\" \/>\n<meta property=\"og:url\" content=\"https:\/\/www.hybrix.ca\/en\/dessin-conception-produits\/\" \/>\n<meta property=\"og:site_name\" content=\"Hybrix\" \/>\n<meta property=\"article:modified_time\" content=\"2022-09-10T01:31:14+00:00\" \/>\n<meta name=\"twitter:card\" content=\"summary_large_image\" \/>\n<meta name=\"twitter:label1\" content=\"Est. reading time\" \/>\n\t<meta name=\"twitter:data1\" content=\"2 minutes\" \/>\n<script type=\"application\/ld+json\" class=\"yoast-schema-graph\">{\"@context\":\"https:\/\/schema.org\",\"@graph\":[{\"@type\":\"WebPage\",\"@id\":\"https:\/\/www.hybrix.ca\/dessin-conception-produits\/\",\"url\":\"https:\/\/www.hybrix.ca\/dessin-conception-produits\/\",\"name\":\"Dessins - Hybrix\",\"isPartOf\":{\"@id\":\"https:\/\/www.hybrix.ca\/#website\"},\"datePublished\":\"2022-09-07T13:47:58+00:00\",\"dateModified\":\"2022-09-10T01:31:14+00:00\",\"breadcrumb\":{\"@id\":\"https:\/\/www.hybrix.ca\/dessin-conception-produits\/#breadcrumb\"},\"inLanguage\":\"en-US\",\"potentialAction\":[{\"@type\":\"ReadAction\",\"target\":[\"https:\/\/www.hybrix.ca\/dessin-conception-produits\/\"]}]},{\"@type\":\"BreadcrumbList\",\"@id\":\"https:\/\/www.hybrix.ca\/dessin-conception-produits\/#breadcrumb\",\"itemListElement\":[{\"@type\":\"ListItem\",\"position\":1,\"name\":\"Accueil\",\"item\":\"https:\/\/www.hybrix.ca\/\"},{\"@type\":\"ListItem\",\"position\":2,\"name\":\"Dessins\"}]},{\"@type\":\"WebSite\",\"@id\":\"https:\/\/www.hybrix.ca\/#website\",\"url\":\"https:\/\/www.hybrix.ca\/\",\"name\":\"Hybrix\",\"description\":\"Fabrication de contenants intelligents\",\"potentialAction\":[{\"@type\":\"SearchAction\",\"target\":{\"@type\":\"EntryPoint\",\"urlTemplate\":\"https:\/\/www.hybrix.ca\/?s={search_term_string}\"},\"query-input\":\"required name=search_term_string\"}],\"inLanguage\":\"en-US\"}]}<\/script>\n<!-- \/ Yoast SEO plugin. -->","yoast_head_json":{"title":"Dessins - Hybrix","robots":{"index":"index","follow":"follow","max-snippet":"max-snippet:-1","max-image-preview":"max-image-preview:large","max-video-preview":"max-video-preview:-1"},"canonical":"https:\/\/www.hybrix.ca\/en\/dessin-conception-produits\/","og_locale":"en_US","og_type":"article","og_title":"Dessins - Hybrix","og_description":"[et_pb_section fb_built= &raquo;1&Prime; custom_padding_last_edited= &raquo;on|phone &raquo; next_background_color= &raquo;#ffffff &raquo; admin_label= &raquo;Hero Section &raquo; _builder_version= &raquo;4.9.4&Prime; background_color_gradient_direction= &raquo;131deg &raquo; background_image= &raquo;https:\/\/www.hybrix.ca\/wp-content\/uploads\/2021\/05\/accueil-Hybrix.jpg &raquo; custom_padding= &raquo;100px|0px|160px|0px|false|false &raquo; custom_padding_tablet= &raquo;90px||||false|false &raquo; custom_padding_phone= &raquo;30px||||false|false &raquo; bottom_divider_style= &raquo;asymmetric3&Prime; bottom_divider_height= &raquo;290px &raquo; bottom_divider_repeat= &raquo;0x &raquo; bottom_divider_height_tablet= &raquo;100px &raquo; bottom_divider_height_phone= &raquo;40px &raquo; bottom_divider_height_last_edited= &raquo;on|phone &raquo; animation_style= &raquo;slide &raquo; animation_direction= &raquo;top &raquo; animation_intensity_slide= &raquo;2% [&hellip;]","og_url":"https:\/\/www.hybrix.ca\/en\/dessin-conception-produits\/","og_site_name":"Hybrix","article_modified_time":"2022-09-10T01:31:14+00:00","twitter_card":"summary_large_image","twitter_misc":{"Est. reading time":"2 minutes"},"schema":{"@context":"https:\/\/schema.org","@graph":[{"@type":"WebPage","@id":"https:\/\/www.hybrix.ca\/dessin-conception-produits\/","url":"https:\/\/www.hybrix.ca\/dessin-conception-produits\/","name":"Dessins - Hybrix","isPartOf":{"@id":"https:\/\/www.hybrix.ca\/#website"},"datePublished":"2022-09-07T13:47:58+00:00","dateModified":"2022-09-10T01:31:14+00:00","breadcrumb":{"@id":"https:\/\/www.hybrix.ca\/dessin-conception-produits\/#breadcrumb"},"inLanguage":"en-US","potentialAction":[{"@type":"ReadAction","target":["https:\/\/www.hybrix.ca\/dessin-conception-produits\/"]}]},{"@type":"BreadcrumbList","@id":"https:\/\/www.hybrix.ca\/dessin-conception-produits\/#breadcrumb","itemListElement":[{"@type":"ListItem","position":1,"name":"Accueil","item":"https:\/\/www.hybrix.ca\/"},{"@type":"ListItem","position":2,"name":"Dessins"}]},{"@type":"WebSite","@id":"https:\/\/www.hybrix.ca\/#website","url":"https:\/\/www.hybrix.ca\/","name":"Hybrix","description":"Fabrication de contenants intelligents","potentialAction":[{"@type":"SearchAction","target":{"@type":"EntryPoint","urlTemplate":"https:\/\/www.hybrix.ca\/?s={search_term_string}"},"query-input":"required name=search_term_string"}],"inLanguage":"en-US"}]}},"_links":{"self":[{"href":"https:\/\/www.hybrix.ca\/en\/wp-json\/wp\/v2\/pages\/384"}],"collection":[{"href":"https:\/\/www.hybrix.ca\/en\/wp-json\/wp\/v2\/pages"}],"about":[{"href":"https:\/\/www.hybrix.ca\/en\/wp-json\/wp\/v2\/types\/page"}],"author":[{"embeddable":true,"href":"https:\/\/www.hybrix.ca\/en\/wp-json\/wp\/v2\/users\/1"}],"replies":[{"embeddable":true,"href":"https:\/\/www.hybrix.ca\/en\/wp-json\/wp\/v2\/comments?post=384"}],"version-history":[{"count":11,"href":"https:\/\/www.hybrix.ca\/en\/wp-json\/wp\/v2\/pages\/384\/revisions"}],"predecessor-version":[{"id":485,"href":"https:\/\/www.hybrix.ca\/en\/wp-json\/wp\/v2\/pages\/384\/revisions\/485"}],"wp:attachment":[{"href":"https:\/\/www.hybrix.ca\/en\/wp-json\/wp\/v2\/media?parent=384"}],"curies":[{"name":"wp","href":"https:\/\/api.w.org\/{rel}","templated":true}]}}